{"id":3,"date":"2019-06-07T08:42:30","date_gmt":"2019-06-07T06:42:30","guid":{"rendered":"https:\/\/www.milkscienceconference.com\/es\/web\/?page_id=3"},"modified":"2019-07-18T10:36:40","modified_gmt":"2019-07-18T08:36:40","slug":"politica-privacidad","status":"publish","type":"page","link":"https:\/\/www.milkscienceconference.com\/es\/politica-privacidad\/","title":{"rendered":"Pol\u00edtica de privacidad"},"content":{"rendered":"\n<h4 class=\"wp-block-heading\">Qui\u00e9nes somos<\/h4>\n\n\n\n<p>La direcci\u00f3n de nuestra web es: https:\/\/www.milkscienceconference.com\/es\/web.<\/p>\n\n\n\n<p>El registro del Usuario en el sitio web supone la aceptaci\u00f3n total de  los t\u00e9rminos y condiciones recogidos en la presente Pol\u00edtica de  Privacidad, oblig\u00e1ndose expresamente a su respeto y cumplimiento.<\/p>\n\n\n\n<p><strong>A) Datos personales e identificativos obtenidos a trav\u00e9s de la web<\/strong><\/p>\n\n\n\n<p>Le  informamos de que, seg\u00fan lo dispuesto en la Ley Org\u00e1nica 15\/1999, de 13  de diciembre, de Protecci\u00f3n de Datos de Car\u00e1cter Personal y Real  Decreto 1720\/2007, de 21 de diciembre, por el que se aprueba el  Reglamento de desarrollo de la Ley Org\u00e1nica 15\/1999, de 13 de diciembre,  de protecci\u00f3n de datos de car\u00e1cter personal, los datos personales que  nos ha facilitado en este sitio web ser\u00e1n incorporados a un fichero propiedad de \u00abRed Espa\u00f1ola de  Queser\u00edas Artesanas y de Campo\u00bb, inscrito en la Agencia Espa\u00f1ola de  Protecci\u00f3n de Datos y que cumple con las medidas de seguridad exigidas  por la ley, de acuerdo con la Ley Org\u00e1nica 15\/1999, de 13 de diciembre, de Protecci\u00f3n de Datos de Car\u00e1cter Personal. Dichos datos se tratar\u00e1n con la finalidad de gestionar los servicios de alojamiento y reservas de  hotel y del restaurante, as\u00ed como otras actividades hosteleras relacionadas.<br>El usuario puede ejercitar los derechos de acceso, cancelaci\u00f3n,  rectificaci\u00f3n u oposici\u00f3n enviando la solicitud acreditada con el DNI  correspondiente a la siguiente direcci\u00f3n de correo electr\u00f3nico:  redqueserias@redqueserias.com<\/p>\n\n\n\n<p><strong>B) Confidencialidad<\/strong><\/p>\n\n\n\n<p>El titular  de la Web se compromete a salvaguardar todos los datos recogidos a  trav\u00e9s de la p\u00e1gina, donde se adoptar\u00e1n las medidas de seguridad  oportunas recogidas en el Real Decreto 1720\/2007, de 21 de diciembre,  por el que se aprueba el Reglamento de desarrollo de la Ley Org\u00e1nica  15\/1999, de 13 de diciembre, de protecci\u00f3n de datos de car\u00e1cter  personal, para que no sean manipuladas il\u00edcitamente, ni objeto de p\u00e9rdida o extrav\u00edo.<\/p>\n\n\n\n<h4 class=\"wp-block-heading\">Qu\u00e9 datos personales recogemos y por qu\u00e9 los recogemos<\/h4>\n\n\n\n<ul><li><strong>Comentarios<\/strong><\/li><\/ul>\n\n\n\n<p>Cuando los visitantes dejan comentarios en la web, recopilamos los datos que se muestran en el formulario de comentarios, as\u00ed como la direcci\u00f3n IP del visitante y la cadena de agentes de usuario del navegador para ayudar a la detecci\u00f3n de spam.<\/p>\n\n\n\n<p>Una cadena an\u00f3nima creada a partir de tu direcci\u00f3n de correo electr\u00f3nico (tambi\u00e9n llamada hash) puede ser proporcionada al servicio de Gravatar para ver si la est\u00e1s usando. La pol\u00edtica de privacidad del servicio Gravatar est\u00e1 disponible aqu\u00ed: <a href=\"https:\/\/automattic.com\/privacy\/\">https:\/\/automattic.com\/privacy\/<\/a>. Despu\u00e9s de la aprobaci\u00f3n de tu comentario, la imagen de tu perfil es visible para el p\u00fablico en el contexto de su comentario.<\/p>\n\n\n\n<ul><li><strong>Medios<\/strong><\/li><\/ul>\n\n\n\n<p>Si subes im\u00e1genes a la web deber\u00edas evitar subir im\u00e1genes con datos de ubicaci\u00f3n (GPS EXIF) incluidos. Los visitantes de la web pueden descargar y extraer cualquier dato de localizaci\u00f3n de las im\u00e1genes de la web.<\/p>\n\n\n\n<ul><li><strong>Formularios de contacto<\/strong><\/li><\/ul>\n\n\n\n<h4 class=\"wp-block-heading\">Cookies<\/h4>\n\n\n\n<p>Si dejas un comentario en nuestro sitio puedes elegir guardar tu nombre, direcci\u00f3n de correo electr\u00f3nico y web en cookies. Esto es para tu comodidad, para que no tengas que volver a rellenar tus datos cuando dejes otro comentario. Estas cookies tendr\u00e1n una duraci\u00f3n de un a\u00f1o.<\/p>\n\n\n\n<p>Si tienes una cuenta y te conectas a este sitio, instalaremos una cookie temporal para determinar si tu navegador acepta cookies. Esta cookie no contiene datos personales y se elimina al cerrar el navegador.<\/p>\n\n\n\n<p>Cuando inicias sesi\u00f3n, tambi\u00e9n instalaremos varias cookies para guardar tu informaci\u00f3n de inicio de sesi\u00f3n y tus opciones de visualizaci\u00f3n de pantalla. Las cookies de inicio de sesi\u00f3n duran dos d\u00edas, y las cookies de opciones de pantalla duran un a\u00f1o. Si seleccionas \u00abRecordarme\u00bb, tu inicio de sesi\u00f3n perdurar\u00e1 durante dos semanas. Si sales de tu cuenta, las cookies de inicio de sesi\u00f3n se eliminar\u00e1n.<\/p>\n\n\n\n<p>Si editas o publicas un art\u00edculo se guardar\u00e1 una cookie adicional en tu navegador. Esta cookie no incluye datos personales y simplemente indica el ID del art\u00edculo que acabas de editar. Caduca despu\u00e9s de 1 d\u00eda.<\/p>\n\n\n\n<p>Para m\u00e1s informaci\u00f3n accede a nuestra <a href=\"https:\/\/www.milkscienceconference.com\/es\/politica-de-cookies\/\">Pol\u00edtica de Cookies<\/a><\/p>\n\n\n\n<h4 class=\"wp-block-heading\">Contenido incrustado de otros sitios web<\/h4>\n\n\n\n<p>Los art\u00edculos de este sitio pueden incluir contenido incrustado (por ejemplo, v\u00eddeos, im\u00e1genes, art\u00edculos, etc.). El contenido incrustado de otras web se comporta exactamente de la misma manera que si el visitante hubiera visitado la otra web.<\/p>\n\n\n\n<p>Estas webs pueden recopilar datos sobre ti, utilizar cookies, incrustar un seguimiento adicional de terceros, y supervisar tu interacci\u00f3n con ese contenido incrustado, incluido el seguimiento de tu interacci\u00f3n con el contenido incrustado si tienes una cuenta y est\u00e1s conectado a esa web.<\/p>\n\n\n\n<h4 class=\"wp-block-heading\">Cu\u00e1nto tiempo conservamos tus datos<\/h4>\n\n\n\n<p>Si dejas un comentario, el comentario y sus metadatos se conservan indefinidamente. Esto es para que podamos reconocer y aprobar comentarios sucesivos autom\u00e1ticamente en lugar de mantenerlos en una cola de moderaci\u00f3n.<\/p>\n\n\n\n<p>De los usuarios que se registran en nuestra web (si los hay), tambi\u00e9n almacenamos la informaci\u00f3n personal que proporcionan en su perfil de usuario. Todos los usuarios pueden ver, editar o eliminar su informaci\u00f3n personal en cualquier momento (excepto que no pueden cambiar su nombre de usuario). Los administradores de la web tambi\u00e9n pueden ver y editar esa informaci\u00f3n.<\/p>\n\n\n\n<h4 class=\"wp-block-heading\">Qu\u00e9 derechos tienes sobre tus datos<\/h4>\n\n\n\n<p>Si tienes una cuenta o has dejado comentarios en esta web, puedes solicitar recibir un archivo de exportaci\u00f3n de los datos personales que tenemos sobre ti, incluyendo cualquier dato que nos hayas proporcionado. Tambi\u00e9n puedes solicitar que eliminemos cualquier dato personal que tengamos sobre ti. Esto no incluye ning\u00fan dato que estemos obligados a conservar con fines administrativos, legales o de seguridad.<\/p>\n\n\n\n<h4 class=\"wp-block-heading\">D\u00f3nde enviamos tus datos<\/h4>\n\n\n\n<p>Los comentarios de los visitantes puede que los revise un servicio de detecci\u00f3n autom\u00e1tica de spam.<\/p>\n","protected":false},"excerpt":{"rendered":"<p>Qui\u00e9nes somos La direcci\u00f3n de nuestra web es: https:\/\/www.milkscienceconference.com\/es\/web. El registro del Usuario en el sitio web supone la aceptaci\u00f3n total de los t\u00e9rminos y condiciones recogidos en la presente &hellip; <\/p>\n<p class=\"link-more\"><a href=\"https:\/\/www.milkscienceconference.com\/es\/politica-privacidad\/\" class=\"more-link\">Seguir leyendo<span class=\"screen-reader-text\"> \u00abPol\u00edtica de privacidad\u00bb<\/span><\/a><\/p>\n","protected":false},"author":1,"featured_media":0,"parent":0,"menu_order":0,"comment_status":"closed","ping_status":"open","template":"","meta":{"_mi_skip_tracking":false,"_exactmetrics_sitenote_active":false,"_exactmetrics_sitenote_note":"","_exactmetrics_sitenote_category":0,"footnotes":""},"yoast_head":"<!-- This site is optimized with the Yoast SEO plugin v21.6 - https:\/\/yoast.com\/wordpress\/plugins\/seo\/ -->\n<title>Pol\u00edtica de privacidad - Jornadas Cient\u00edficas Internacionales sobre Leche Cruda \/ Intenational Scientific Conference on Raw Milk<\/title>\n<meta name=\"robots\" content=\"index, follow, max-snippet:-1, max-image-preview:large, max-video-preview:-1\" \/>\n<link rel=\"canonical\" href=\"https:\/\/www.milkscienceconference.com\/es\/politica-privacidad\/\" \/>\n<meta property=\"og:locale\" content=\"es_ES\" \/>\n<meta property=\"og:type\" content=\"article\" \/>\n<meta property=\"og:title\" content=\"Pol\u00edtica de privacidad - Jornadas Cient\u00edficas Internacionales sobre Leche Cruda \/ Intenational Scientific Conference on Raw Milk\" \/>\n<meta property=\"og:description\" content=\"Qui\u00e9nes somos La direcci\u00f3n de nuestra web es: https:\/\/www.milkscienceconference.com\/es\/web. El registro del Usuario en el sitio web supone la aceptaci\u00f3n total de los t\u00e9rminos y condiciones recogidos en la presente &hellip; Seguir leyendo \u00abPol\u00edtica de privacidad\u00bb\" \/>\n<meta property=\"og:url\" content=\"https:\/\/www.milkscienceconference.com\/es\/politica-privacidad\/\" \/>\n<meta property=\"og:site_name\" content=\"Jornadas Cient\u00edficas Internacionales sobre Leche Cruda \/ Intenational Scientific Conference on Raw Milk\" \/>\n<meta property=\"article:modified_time\" content=\"2019-07-18T08:36:40+00:00\" \/>\n<meta name=\"twitter:card\" content=\"summary_large_image\" \/>\n<meta name=\"twitter:label1\" content=\"Tiempo de lectura\" \/>\n\t<meta name=\"twitter:data1\" content=\"5 minutos\" \/>\n<script type=\"application\/ld+json\" class=\"yoast-schema-graph\">{\"@context\":\"https:\/\/schema.org\",\"@graph\":[{\"@type\":\"WebPage\",\"@id\":\"https:\/\/www.milkscienceconference.com\/es\/politica-privacidad\/\",\"url\":\"https:\/\/www.milkscienceconference.com\/es\/politica-privacidad\/\",\"name\":\"Pol\u00edtica de privacidad - Jornadas Cient\u00edficas Internacionales sobre Leche Cruda \/ Intenational Scientific Conference on Raw Milk\",\"isPartOf\":{\"@id\":\"https:\/\/www.milkscienceconference.com\/es\/#website\"},\"datePublished\":\"2019-06-07T06:42:30+00:00\",\"dateModified\":\"2019-07-18T08:36:40+00:00\",\"breadcrumb\":{\"@id\":\"https:\/\/www.milkscienceconference.com\/es\/politica-privacidad\/#breadcrumb\"},\"inLanguage\":\"es\",\"potentialAction\":[{\"@type\":\"ReadAction\",\"target\":[\"https:\/\/www.milkscienceconference.com\/es\/politica-privacidad\/\"]}]},{\"@type\":\"BreadcrumbList\",\"@id\":\"https:\/\/www.milkscienceconference.com\/es\/politica-privacidad\/#breadcrumb\",\"itemListElement\":[{\"@type\":\"ListItem\",\"position\":1,\"name\":\"Portada\",\"item\":\"https:\/\/www.milkscienceconference.com\/es\/\"},{\"@type\":\"ListItem\",\"position\":2,\"name\":\"Pol\u00edtica de privacidad\"}]},{\"@type\":\"WebSite\",\"@id\":\"https:\/\/www.milkscienceconference.com\/es\/#website\",\"url\":\"https:\/\/www.milkscienceconference.com\/es\/\",\"name\":\"Jornadas Cient\u00edficas Internacionales sobre Leche Cruda \/ Intenational Scientific Conference on Raw Milk\",\"description\":\"Semana de la leche cruda en Valencia\",\"publisher\":{\"@id\":\"https:\/\/www.milkscienceconference.com\/es\/#organization\"},\"potentialAction\":[{\"@type\":\"SearchAction\",\"target\":{\"@type\":\"EntryPoint\",\"urlTemplate\":\"https:\/\/www.milkscienceconference.com\/es\/?s={search_term_string}\"},\"query-input\":\"required name=search_term_string\"}],\"inLanguage\":\"es\"},{\"@type\":\"Organization\",\"@id\":\"https:\/\/www.milkscienceconference.com\/es\/#organization\",\"name\":\"Jornadas Cient\u00edficas Internacionales sobre Leche Cruda \/ Intenational Scientific Conference on Raw Milk\",\"url\":\"https:\/\/www.milkscienceconference.com\/es\/\",\"logo\":{\"@type\":\"ImageObject\",\"inLanguage\":\"es\",\"@id\":\"https:\/\/www.milkscienceconference.com\/es\/#\/schema\/logo\/image\/\",\"url\":\"https:\/\/www.milkscienceconference.com\/es\/wp-content\/uploads\/2019\/06\/cropped-AF_congresoleche-ES_color-amarillo-1.png\",\"contentUrl\":\"https:\/\/www.milkscienceconference.com\/es\/wp-content\/uploads\/2019\/06\/cropped-AF_congresoleche-ES_color-amarillo-1.png\",\"width\":320,\"height\":100,\"caption\":\"Jornadas Cient\u00edficas Internacionales sobre Leche Cruda \/ Intenational Scientific Conference on Raw Milk\"},\"image\":{\"@id\":\"https:\/\/www.milkscienceconference.com\/es\/#\/schema\/logo\/image\/\"}}]}<\/script>\n<!-- \/ Yoast SEO plugin. -->","yoast_head_json":{"title":"Pol\u00edtica de privacidad - Jornadas Cient\u00edficas Internacionales sobre Leche Cruda \/ Intenational Scientific Conference on Raw Milk","robots":{"index":"index","follow":"follow","max-snippet":"max-snippet:-1","max-image-preview":"max-image-preview:large","max-video-preview":"max-video-preview:-1"},"canonical":"https:\/\/www.milkscienceconference.com\/es\/politica-privacidad\/","og_locale":"es_ES","og_type":"article","og_title":"Pol\u00edtica de privacidad - Jornadas Cient\u00edficas Internacionales sobre Leche Cruda \/ Intenational Scientific Conference on Raw Milk","og_description":"Qui\u00e9nes somos La direcci\u00f3n de nuestra web es: https:\/\/www.milkscienceconference.com\/es\/web. El registro del Usuario en el sitio web supone la aceptaci\u00f3n total de los t\u00e9rminos y condiciones recogidos en la presente &hellip; Seguir leyendo \u00abPol\u00edtica de privacidad\u00bb","og_url":"https:\/\/www.milkscienceconference.com\/es\/politica-privacidad\/","og_site_name":"Jornadas Cient\u00edficas Internacionales sobre Leche Cruda \/ Intenational Scientific Conference on Raw Milk","article_modified_time":"2019-07-18T08:36:40+00:00","twitter_card":"summary_large_image","twitter_misc":{"Tiempo de lectura":"5 minutos"},"schema":{"@context":"https:\/\/schema.org","@graph":[{"@type":"WebPage","@id":"https:\/\/www.milkscienceconference.com\/es\/politica-privacidad\/","url":"https:\/\/www.milkscienceconference.com\/es\/politica-privacidad\/","name":"Pol\u00edtica de privacidad - Jornadas Cient\u00edficas Internacionales sobre Leche Cruda \/ Intenational Scientific Conference on Raw Milk","isPartOf":{"@id":"https:\/\/www.milkscienceconference.com\/es\/#website"},"datePublished":"2019-06-07T06:42:30+00:00","dateModified":"2019-07-18T08:36:40+00:00","breadcrumb":{"@id":"https:\/\/www.milkscienceconference.com\/es\/politica-privacidad\/#breadcrumb"},"inLanguage":"es","potentialAction":[{"@type":"ReadAction","target":["https:\/\/www.milkscienceconference.com\/es\/politica-privacidad\/"]}]},{"@type":"BreadcrumbList","@id":"https:\/\/www.milkscienceconference.com\/es\/politica-privacidad\/#breadcrumb","itemListElement":[{"@type":"ListItem","position":1,"name":"Portada","item":"https:\/\/www.milkscienceconference.com\/es\/"},{"@type":"ListItem","position":2,"name":"Pol\u00edtica de privacidad"}]},{"@type":"WebSite","@id":"https:\/\/www.milkscienceconference.com\/es\/#website","url":"https:\/\/www.milkscienceconference.com\/es\/","name":"Jornadas Cient\u00edficas Internacionales sobre Leche Cruda \/ Intenational Scientific Conference on Raw Milk","description":"Semana de la leche cruda en Valencia","publisher":{"@id":"https:\/\/www.milkscienceconference.com\/es\/#organization"},"potentialAction":[{"@type":"SearchAction","target":{"@type":"EntryPoint","urlTemplate":"https:\/\/www.milkscienceconference.com\/es\/?s={search_term_string}"},"query-input":"required name=search_term_string"}],"inLanguage":"es"},{"@type":"Organization","@id":"https:\/\/www.milkscienceconference.com\/es\/#organization","name":"Jornadas Cient\u00edficas Internacionales sobre Leche Cruda \/ Intenational Scientific Conference on Raw Milk","url":"https:\/\/www.milkscienceconference.com\/es\/","logo":{"@type":"ImageObject","inLanguage":"es","@id":"https:\/\/www.milkscienceconference.com\/es\/#\/schema\/logo\/image\/","url":"https:\/\/www.milkscienceconference.com\/es\/wp-content\/uploads\/2019\/06\/cropped-AF_congresoleche-ES_color-amarillo-1.png","contentUrl":"https:\/\/www.milkscienceconference.com\/es\/wp-content\/uploads\/2019\/06\/cropped-AF_congresoleche-ES_color-amarillo-1.png","width":320,"height":100,"caption":"Jornadas Cient\u00edficas Internacionales sobre Leche Cruda \/ Intenational Scientific Conference on Raw Milk"},"image":{"@id":"https:\/\/www.milkscienceconference.com\/es\/#\/schema\/logo\/image\/"}}]}},"_links":{"self":[{"href":"https:\/\/www.milkscienceconference.com\/es\/wp-json\/wp\/v2\/pages\/3"}],"collection":[{"href":"https:\/\/www.milkscienceconference.com\/es\/wp-json\/wp\/v2\/pages"}],"about":[{"href":"https:\/\/www.milkscienceconference.com\/es\/wp-json\/wp\/v2\/types\/page"}],"author":[{"embeddable":true,"href":"https:\/\/www.milkscienceconference.com\/es\/wp-json\/wp\/v2\/users\/1"}],"replies":[{"embeddable":true,"href":"https:\/\/www.milkscienceconference.com\/es\/wp-json\/wp\/v2\/comments?post=3"}],"version-history":[{"count":1,"href":"https:\/\/www.milkscienceconference.com\/es\/wp-json\/wp\/v2\/pages\/3\/revisions"}],"predecessor-version":[{"id":25867,"href":"https:\/\/www.milkscienceconference.com\/es\/wp-json\/wp\/v2\/pages\/3\/revisions\/25867"}],"wp:attachment":[{"href":"https:\/\/www.milkscienceconference.com\/es\/wp-json\/wp\/v2\/media?parent=3"}],"curies":[{"name":"wp","href":"https:\/\/api.w.org\/{rel}","templated":true}]}}