{"id":26532,"date":"2020-01-15T13:30:08","date_gmt":"2020-01-15T12:30:08","guid":{"rendered":"https:\/\/www.milkscienceconference.com\/es\/?page_id=26532"},"modified":"2020-03-23T11:37:29","modified_gmt":"2020-03-23T10:37:29","slug":"comite-organizador","status":"publish","type":"page","link":"https:\/\/www.milkscienceconference.com\/es\/comite-organizador\/","title":{"rendered":"Comit\u00e9 Organizador"},"content":{"rendered":"\n<h3 class=\"wp-block-heading\">Presidenta<\/h3>\n\n\n\n<h4 class=\"wp-block-heading\">Mar\u00eda Remedios Carrasco S\u00e1nchez<\/h4>\n\n\n\n<p>Mar\u00eda Remedios Carrasco S\u00e1nchez es Licenciada en Veterinaria por la Universidad de C\u00f3rdoba (Espa\u00f1a) y Diplomada Superior Post Universitaria en Desarrollo Rural y Gesti\u00f3n de Recursos Naturales por el Centro de Altos Estudios Agron\u00f3micos del Mediterr\u00e1neo del Instituto de Montpellier (CIHEAM-IAMM) en Francia. Fue la impulsora de la Red Espa\u00f1ola de Queser\u00edas de Campo y Artesanas (www.redqueserias.org) que actualmente coordina. Es a su vez vicepresidenta de la Farmhouse and Artisan Cheese and Dairy Producers European Network (www.face-network.eu). Es co-autora de la Gu\u00eda Europea de Pr\u00e1cticas Correctas de Higiene para la elaboraci\u00f3n de quesos y l\u00e1cteos artesanos. Ha organizado numerosos encuentros relacionados con quesos artesanos y normativas sanitarias, entre otros, el Congreso Europeo sobre Seguridad Alimentaria en Peque\u00f1as Queser\u00edas que se celebr\u00f3 en Zafra (Badajoz) en mayo de 2011 y las Jornadas de presentaci\u00f3n de la Gu\u00eda Europea que tuvieron lugar en Bruselas en noviembre de 2017. Representa al European Forum on Nature Conservation and Pastoralism (EFNCP) en el Grupo de Di\u00e1logo Civil de Calidad y Promoci\u00f3n de los Alimentos de la Comisi\u00f3n Europea. Es especialista en normativas sanitarias en peque\u00f1as queser\u00edas y asesora tanto a administraciones como a peque\u00f1os productores dentro y fuera de Espa\u00f1a. Recientemente ha sido invitada a formar parte del comit\u00e9 t\u00e9cnico-cient\u00edfico de la revista italiana \u201cScienza e Tecnica Lattiero Casearia\u201d. M\u00e1s de 10 a\u00f1os viviendo y trabajando en varios pa\u00edses europeos, le han ayudado a forjar su bagaje personal y profesional. Vive en Zafra (Extremadura), su pueblo natal.<\/p>\n\n\n\n<h3 class=\"wp-block-heading\">Vicepresidentes<\/h3>\n\n\n\n<h4 class=\"wp-block-heading\">Mar\u00eda Jes\u00fas Jim\u00e9nez Horwitz<\/h4>\n\n\n\n<p>Mar\u00eda Jes\u00fas  Jim\u00e9nez Horwitz es Licenciada en Farmacia, tiene un M\u00e1ster en Seguridad Alimentaria y es quesera artesana de campo en Jayena (Granada). Fue socia fundadora de la Red Espa\u00f1ola de Queser\u00edas de Campo y Artesanas y desde su constituci\u00f3n es su Presidenta. Fue supervisora de la elaboraci\u00f3n de la Gu\u00eda Europea de Pr\u00e1cticas Correctas de Higiene para la elaboraci\u00f3n de l\u00e1cteos artesanos. Es tambi\u00e9n miembro del grupo de trabajo \u201cNormativa y Sanidad\u201d. <\/p>\n\n\n\n<h4 class=\"wp-block-heading\">Fr\u00e9d\u00e9ric Blanchard<\/h4>\n\n\n\n<p>Fr\u00e9d\u00e9ric Blanchard, es Ingeniero Agr\u00f3nomo y quesero artesano de campo en una aldea de la regi\u00f3n francesa de Rh\u00f4ne-Alpes. Es presidente de la Farmhouse and Artisan Cheese and Dairy Producers European Network (FACEnetwork) y presidente fundador de la Federaci\u00f3n Nacional de Productores L\u00e1cteos Fermiers de Francia (FNPLF). Fue supervisor de la redacci\u00f3n de la Gu\u00eda Europea de Pr\u00e1cticas Correctas de Higiene para la elaboraci\u00f3n de l\u00e1cteos artesanos y forma parte del grupo de trabajo \u00abHigiene y Sanidad\u00bb de FACEnetwork. <\/p>\n\n\n\n<h3 class=\"wp-block-heading\">Responsable econ\u00f3mico<\/h3>\n\n\n\n<h4 class=\"wp-block-heading\">Angel Valeriano Rojo<\/h4>\n\n\n\n<p>Angel Valeriano Rojo es quesero artesano en Almed\u00edjar (Castell\u00f3n) y socio fundador de la Red Espa\u00f1ola de Queser\u00edas de Campo y Artesanas (QueRed) y desde entonces es el tesorero. Es tambi\u00e9n miembro del grupo de trabajo \u201cNormativa y Sanidad\u201d y fue supervisor de la redacci\u00f3n de la Gu\u00eda Europea de Pr\u00e1cticas Correctas de Higiene para la elaboraci\u00f3n de l\u00e1cteos artesanos<\/p>\n\n\n\n<h3 class=\"wp-block-heading\">Vocales<\/h3>\n\n\n\n<h4 class=\"wp-block-heading\">Mar\u00eda Orz\u00e1ez G\u00e1lvez<\/h4>\n\n\n\n<p>Mar\u00eda Orz\u00e1ez G\u00e1lvez es Licenciada en Qu\u00edmica y quesera artesana en Castilblanco de los Arroyos (Sevilla). Es tambi\u00e9n socia fundadora de QueRed y actualmente vocal de la junta directiva y miembro del grupo de trabajo \u201cNormativa y Sanidad\u201d.<\/p>\n\n\n\n<h4 class=\"wp-block-heading\">Joaqu\u00edn Manchado<\/h4>\n\n\n\n<p>Joaqu\u00edn Manchado es quesero artesano en Cedillo de la Torre (Segovia). Actualmente es Vicepresidente de QueRed. <\/p>\n\n\n\n<h4 class=\"wp-block-heading\">Beatriz de Lera<\/h4>\n\n\n\n<p>Beatriz de Lera es Licenciada en Qu\u00edmica y quesera artesana de campo en Toral de los Juzmanes (Le\u00f3n). Actualmente es vocal de la junta directiva de QueRed. <\/p>\n\n\n\n<h4 class=\"wp-block-heading\">Jos\u00e9 Mar\u00eda Alonso<\/h4>\n\n\n\n<p>Jos\u00e9 Mar\u00eda Alonso es Licenciado en Farmacia y actualmente quesero artesano en Quesoba (Cantabria) y vocal de la junta directiva de QueRed. <\/p>\n\n\n\n<h4 class=\"wp-block-heading\">David Carrasco<\/h4>\n\n\n\n<p>David Carrasco es T\u00e9cnico en Delineaci\u00f3n de Edificios y quesero artesano en Zorita (C\u00e1ceres) y actualmente vocal de la junta directiva de QueRed y responsable del grupo de trabajo \u00abFormaci\u00f3n\u00bb.<\/p>\n\n\n\n<h4 class=\"wp-block-heading\">Luc\u00eda S\u00e1ez y Pedro Henares<\/h4>\n\n\n\n<p>Luc\u00eda S\u00e1ez es Licenciada en Biolog\u00eda y T\u00e9cnico Medio de Producci\u00f3n Agroecol\u00f3gica. Pedro Henares es T\u00e9cnico Superior Proyectista. Ambos son queseros en Torremocha de Jarama (Madrid) y vocales de la junta directiva de QueRed.<\/p>\n\n\n\n<h4 class=\"wp-block-heading\">Xes\u00fas Mazaira<\/h4>\n\n\n\n<p>Xes\u00fas Mazaira es Licenciado en Ciencias Pol\u00edticas y de la Administraci\u00f3n, especialidad en Estudios Pol\u00edticos y Administraci\u00f3n P\u00fablica. Tiene un M\u00e1ster en Planificaci\u00f3n, Gesti\u00f3n y Financiaci\u00f3n de Proyectos. Es quesero artesano en Chantada (Lugo) y actualmente vocal de la junta directiva de QueRed. <\/p>\n\n\n\n<h4 class=\"wp-block-heading\">Chus Hidalgo<\/h4>\n\n\n\n<p>Chus Hidalgo es Licenciada en Econ\u00f3micas y Empresariales y quesera artesana en Asteasu (Guip\u00fazcoa). Actualmente es Secretaria de QueRed. <\/p>\n\n\n\n<h4 class=\"wp-block-heading\">Pepe Rodr\u00edguez Delgado<\/h4>\n\n\n\n<p>Pepe Rodr\u00edguez Delgado es quesero artesano en Lanzarote y actualmente vocal de QueRed.<\/p>\n\n\n\n<h4 class=\"wp-block-heading\"> Juan Jos\u00e9 Luna <\/h4>\n\n\n\n<p>Juan Jos\u00e9 Luna es Ingeniero T\u00e9cnico Agr\u00edcola y quesero artesano de campo en La Solana (Ciudad Real). Actualmente es vocal de QueRed<\/p>\n","protected":false},"excerpt":{"rendered":"<p>Presidenta Mar\u00eda Remedios Carrasco S\u00e1nchez Mar\u00eda Remedios Carrasco S\u00e1nchez es Licenciada en Veterinaria por la Universidad de C\u00f3rdoba (Espa\u00f1a) y Diplomada Superior Post Universitaria en Desarrollo Rural y Gesti\u00f3n de &hellip; <\/p>\n<p class=\"link-more\"><a href=\"https:\/\/www.milkscienceconference.com\/es\/comite-organizador\/\" class=\"more-link\">Seguir leyendo<span class=\"screen-reader-text\"> \u00abComit\u00e9 Organizador\u00bb<\/span><\/a><\/p>\n","protected":false},"author":2,"featured_media":0,"parent":0,"menu_order":0,"comment_status":"closed","ping_status":"closed","template":"","meta":{"_mi_skip_tracking":false,"_exactmetrics_sitenote_active":false,"_exactmetrics_sitenote_note":"","_exactmetrics_sitenote_category":0,"footnotes":""},"yoast_head":"<!-- This site is optimized with the Yoast SEO plugin v21.6 - https:\/\/yoast.com\/wordpress\/plugins\/seo\/ -->\n<title>Comit\u00e9 Organizador - Jornadas Cient\u00edficas Internacionales sobre Leche Cruda \/ Intenational Scientific Conference on Raw Milk<\/title>\n<meta name=\"robots\" content=\"index, follow, max-snippet:-1, max-image-preview:large, max-video-preview:-1\" \/>\n<link rel=\"canonical\" href=\"https:\/\/www.milkscienceconference.com\/es\/comite-organizador\/\" \/>\n<meta property=\"og:locale\" content=\"es_ES\" \/>\n<meta property=\"og:type\" content=\"article\" \/>\n<meta property=\"og:title\" content=\"Comit\u00e9 Organizador - Jornadas Cient\u00edficas Internacionales sobre Leche Cruda \/ Intenational Scientific Conference on Raw Milk\" \/>\n<meta property=\"og:description\" content=\"Presidenta Mar\u00eda Remedios Carrasco S\u00e1nchez Mar\u00eda Remedios Carrasco S\u00e1nchez es Licenciada en Veterinaria por la Universidad de C\u00f3rdoba (Espa\u00f1a) y Diplomada Superior Post Universitaria en Desarrollo Rural y Gesti\u00f3n de &hellip; Seguir leyendo \u00abComit\u00e9 Organizador\u00bb\" \/>\n<meta property=\"og:url\" content=\"https:\/\/www.milkscienceconference.com\/es\/comite-organizador\/\" \/>\n<meta property=\"og:site_name\" content=\"Jornadas Cient\u00edficas Internacionales sobre Leche Cruda \/ Intenational Scientific Conference on Raw Milk\" \/>\n<meta property=\"article:modified_time\" content=\"2020-03-23T10:37:29+00:00\" \/>\n<meta name=\"twitter:card\" content=\"summary_large_image\" \/>\n<meta name=\"twitter:label1\" content=\"Tiempo de lectura\" \/>\n\t<meta name=\"twitter:data1\" content=\"4 minutos\" \/>\n<script type=\"application\/ld+json\" class=\"yoast-schema-graph\">{\"@context\":\"https:\/\/schema.org\",\"@graph\":[{\"@type\":\"WebPage\",\"@id\":\"https:\/\/www.milkscienceconference.com\/es\/comite-organizador\/\",\"url\":\"https:\/\/www.milkscienceconference.com\/es\/comite-organizador\/\",\"name\":\"Comit\u00e9 Organizador - Jornadas Cient\u00edficas Internacionales sobre Leche Cruda \/ Intenational Scientific Conference on Raw Milk\",\"isPartOf\":{\"@id\":\"https:\/\/www.milkscienceconference.com\/es\/#website\"},\"datePublished\":\"2020-01-15T12:30:08+00:00\",\"dateModified\":\"2020-03-23T10:37:29+00:00\",\"breadcrumb\":{\"@id\":\"https:\/\/www.milkscienceconference.com\/es\/comite-organizador\/#breadcrumb\"},\"inLanguage\":\"es\",\"potentialAction\":[{\"@type\":\"ReadAction\",\"target\":[\"https:\/\/www.milkscienceconference.com\/es\/comite-organizador\/\"]}]},{\"@type\":\"BreadcrumbList\",\"@id\":\"https:\/\/www.milkscienceconference.com\/es\/comite-organizador\/#breadcrumb\",\"itemListElement\":[{\"@type\":\"ListItem\",\"position\":1,\"name\":\"Portada\",\"item\":\"https:\/\/www.milkscienceconference.com\/es\/\"},{\"@type\":\"ListItem\",\"position\":2,\"name\":\"Comit\u00e9 Organizador\"}]},{\"@type\":\"WebSite\",\"@id\":\"https:\/\/www.milkscienceconference.com\/es\/#website\",\"url\":\"https:\/\/www.milkscienceconference.com\/es\/\",\"name\":\"Jornadas Cient\u00edficas Internacionales sobre Leche Cruda \/ Intenational Scientific Conference on Raw Milk\",\"description\":\"Semana de la leche cruda en Valencia\",\"publisher\":{\"@id\":\"https:\/\/www.milkscienceconference.com\/es\/#organization\"},\"potentialAction\":[{\"@type\":\"SearchAction\",\"target\":{\"@type\":\"EntryPoint\",\"urlTemplate\":\"https:\/\/www.milkscienceconference.com\/es\/?s={search_term_string}\"},\"query-input\":\"required name=search_term_string\"}],\"inLanguage\":\"es\"},{\"@type\":\"Organization\",\"@id\":\"https:\/\/www.milkscienceconference.com\/es\/#organization\",\"name\":\"Jornadas Cient\u00edficas Internacionales sobre Leche Cruda \/ Intenational Scientific Conference on Raw Milk\",\"url\":\"https:\/\/www.milkscienceconference.com\/es\/\",\"logo\":{\"@type\":\"ImageObject\",\"inLanguage\":\"es\",\"@id\":\"https:\/\/www.milkscienceconference.com\/es\/#\/schema\/logo\/image\/\",\"url\":\"https:\/\/www.milkscienceconference.com\/es\/wp-content\/uploads\/2019\/06\/cropped-AF_congresoleche-ES_color-amarillo-1.png\",\"contentUrl\":\"https:\/\/www.milkscienceconference.com\/es\/wp-content\/uploads\/2019\/06\/cropped-AF_congresoleche-ES_color-amarillo-1.png\",\"width\":320,\"height\":100,\"caption\":\"Jornadas Cient\u00edficas Internacionales sobre Leche Cruda \/ Intenational Scientific Conference on Raw Milk\"},\"image\":{\"@id\":\"https:\/\/www.milkscienceconference.com\/es\/#\/schema\/logo\/image\/\"}}]}<\/script>\n<!-- \/ Yoast SEO plugin. -->","yoast_head_json":{"title":"Comit\u00e9 Organizador - Jornadas Cient\u00edficas Internacionales sobre Leche Cruda \/ Intenational Scientific Conference on Raw Milk","robots":{"index":"index","follow":"follow","max-snippet":"max-snippet:-1","max-image-preview":"max-image-preview:large","max-video-preview":"max-video-preview:-1"},"canonical":"https:\/\/www.milkscienceconference.com\/es\/comite-organizador\/","og_locale":"es_ES","og_type":"article","og_title":"Comit\u00e9 Organizador - Jornadas Cient\u00edficas Internacionales sobre Leche Cruda \/ Intenational Scientific Conference on Raw Milk","og_description":"Presidenta Mar\u00eda Remedios Carrasco S\u00e1nchez Mar\u00eda Remedios Carrasco S\u00e1nchez es Licenciada en Veterinaria por la Universidad de C\u00f3rdoba (Espa\u00f1a) y Diplomada Superior Post Universitaria en Desarrollo Rural y Gesti\u00f3n de &hellip; Seguir leyendo \u00abComit\u00e9 Organizador\u00bb","og_url":"https:\/\/www.milkscienceconference.com\/es\/comite-organizador\/","og_site_name":"Jornadas Cient\u00edficas Internacionales sobre Leche Cruda \/ Intenational Scientific Conference on Raw Milk","article_modified_time":"2020-03-23T10:37:29+00:00","twitter_card":"summary_large_image","twitter_misc":{"Tiempo de lectura":"4 minutos"},"schema":{"@context":"https:\/\/schema.org","@graph":[{"@type":"WebPage","@id":"https:\/\/www.milkscienceconference.com\/es\/comite-organizador\/","url":"https:\/\/www.milkscienceconference.com\/es\/comite-organizador\/","name":"Comit\u00e9 Organizador - Jornadas Cient\u00edficas Internacionales sobre Leche Cruda \/ Intenational Scientific Conference on Raw Milk","isPartOf":{"@id":"https:\/\/www.milkscienceconference.com\/es\/#website"},"datePublished":"2020-01-15T12:30:08+00:00","dateModified":"2020-03-23T10:37:29+00:00","breadcrumb":{"@id":"https:\/\/www.milkscienceconference.com\/es\/comite-organizador\/#breadcrumb"},"inLanguage":"es","potentialAction":[{"@type":"ReadAction","target":["https:\/\/www.milkscienceconference.com\/es\/comite-organizador\/"]}]},{"@type":"BreadcrumbList","@id":"https:\/\/www.milkscienceconference.com\/es\/comite-organizador\/#breadcrumb","itemListElement":[{"@type":"ListItem","position":1,"name":"Portada","item":"https:\/\/www.milkscienceconference.com\/es\/"},{"@type":"ListItem","position":2,"name":"Comit\u00e9 Organizador"}]},{"@type":"WebSite","@id":"https:\/\/www.milkscienceconference.com\/es\/#website","url":"https:\/\/www.milkscienceconference.com\/es\/","name":"Jornadas Cient\u00edficas Internacionales sobre Leche Cruda \/ Intenational Scientific Conference on Raw Milk","description":"Semana de la leche cruda en Valencia","publisher":{"@id":"https:\/\/www.milkscienceconference.com\/es\/#organization"},"potentialAction":[{"@type":"SearchAction","target":{"@type":"EntryPoint","urlTemplate":"https:\/\/www.milkscienceconference.com\/es\/?s={search_term_string}"},"query-input":"required name=search_term_string"}],"inLanguage":"es"},{"@type":"Organization","@id":"https:\/\/www.milkscienceconference.com\/es\/#organization","name":"Jornadas Cient\u00edficas Internacionales sobre Leche Cruda \/ Intenational Scientific Conference on Raw Milk","url":"https:\/\/www.milkscienceconference.com\/es\/","logo":{"@type":"ImageObject","inLanguage":"es","@id":"https:\/\/www.milkscienceconference.com\/es\/#\/schema\/logo\/image\/","url":"https:\/\/www.milkscienceconference.com\/es\/wp-content\/uploads\/2019\/06\/cropped-AF_congresoleche-ES_color-amarillo-1.png","contentUrl":"https:\/\/www.milkscienceconference.com\/es\/wp-content\/uploads\/2019\/06\/cropped-AF_congresoleche-ES_color-amarillo-1.png","width":320,"height":100,"caption":"Jornadas Cient\u00edficas Internacionales sobre Leche Cruda \/ Intenational Scientific Conference on Raw Milk"},"image":{"@id":"https:\/\/www.milkscienceconference.com\/es\/#\/schema\/logo\/image\/"}}]}},"_links":{"self":[{"href":"https:\/\/www.milkscienceconference.com\/es\/wp-json\/wp\/v2\/pages\/26532"}],"collection":[{"href":"https:\/\/www.milkscienceconference.com\/es\/wp-json\/wp\/v2\/pages"}],"about":[{"href":"https:\/\/www.milkscienceconference.com\/es\/wp-json\/wp\/v2\/types\/page"}],"author":[{"embeddable":true,"href":"https:\/\/www.milkscienceconference.com\/es\/wp-json\/wp\/v2\/users\/2"}],"replies":[{"embeddable":true,"href":"https:\/\/www.milkscienceconference.com\/es\/wp-json\/wp\/v2\/comments?post=26532"}],"version-history":[{"count":2,"href":"https:\/\/www.milkscienceconference.com\/es\/wp-json\/wp\/v2\/pages\/26532\/revisions"}],"predecessor-version":[{"id":26539,"href":"https:\/\/www.milkscienceconference.com\/es\/wp-json\/wp\/v2\/pages\/26532\/revisions\/26539"}],"wp:attachment":[{"href":"https:\/\/www.milkscienceconference.com\/es\/wp-json\/wp\/v2\/media?parent=26532"}],"curies":[{"name":"wp","href":"https:\/\/api.w.org\/{rel}","templated":true}]}}