{"id":25972,"date":"2019-07-19T12:54:24","date_gmt":"2019-07-19T10:54:24","guid":{"rendered":"https:\/\/www.milkscienceconference.com\/?page_id=25972"},"modified":"2019-07-31T12:26:23","modified_gmt":"2019-07-31T10:26:23","slug":"colabora","status":"publish","type":"page","link":"https:\/\/www.milkscienceconference.com\/es\/colabora\/","title":{"rendered":"Colabora"},"content":{"rendered":"\t\t<div data-elementor-type=\"wp-post\" data-elementor-id=\"25972\" class=\"elementor elementor-25972\">\n\t\t\t\t\t\t\t\t\t<div class=\"elementor-section elementor-top-section elementor-element elementor-element-475cf2ae bg_blue elementor-section-boxed elementor-section-height-default elementor-section-height-default\" data-id=\"475cf2ae\" data-element_type=\"section\" data-settings=\"{&quot;background_background&quot;:&quot;classic&quot;}\">\n\t\t\t\t\t\t<div class=\"elementor-container elementor-column-gap-default\">\n\t\t\t\t\t<div class=\"elementor-column elementor-col-100 elementor-top-column elementor-element elementor-element-21e1c5d7\" data-id=\"21e1c5d7\" data-element_type=\"column\">\n\t\t\t<div class=\"elementor-widget-wrap elementor-element-populated\">\n\t\t\t\t\t\t\t\t<div class=\"elementor-element elementor-element-9442655 elementor-view-stacked elementor-shape-circle elementor-widget elementor-widget-icon\" data-id=\"9442655\" data-element_type=\"widget\" data-widget_type=\"icon.default\">\n\t\t\t\t<div class=\"elementor-widget-container\">\n\t\t\t\t\t<div class=\"elementor-icon-wrapper\">\n\t\t\t<div class=\"elementor-icon\">\n\t\t\t<i aria-hidden=\"true\" class=\"far fa-heart\"><\/i>\t\t\t<\/div>\n\t\t<\/div>\n\t\t\t\t<\/div>\n\t\t\t\t<\/div>\n\t\t\t\t<div class=\"elementor-element elementor-element-2a81e30d elementor-widget elementor-widget-heading\" data-id=\"2a81e30d\" data-element_type=\"widget\" data-widget_type=\"heading.default\">\n\t\t\t\t<div class=\"elementor-widget-container\">\n\t\t\t<h1 class=\"elementor-heading-title elementor-size-default\">Echar una mano a tiempo <br>siempre es de agradecer, <br>y \u00bfqui\u00e9n mejor que t\u00fa?<\/h1>\t\t<\/div>\n\t\t\t\t<\/div>\n\t\t\t\t<div class=\"elementor-element elementor-element-2fb2b6e9 elementor-widget elementor-widget-text-editor\" data-id=\"2fb2b6e9\" data-element_type=\"widget\" data-widget_type=\"text-editor.default\">\n\t\t\t\t<div class=\"elementor-widget-container\">\n\t\t\t\t\t\t\t<p>El capital humano es uno de los bienes m\u00e1s preciados que podemos tener en nuestra comunidad y para llevar a cabo este Congreso vamos a necesitar muchas manos.<\/p><p>Env\u00edanos un mensaje a trav\u00e9s del siguiente formulario y \u00fanete a nuestro equipo.\u00a0<\/p><p>Necesitamos ayudantes para montar, acomodar, traducir, y todo lo que se te ocurra.\u00a0<\/p>\t\t\t\t\t\t<\/div>\n\t\t\t\t<\/div>\n\t\t\t\t<div class=\"elementor-element elementor-element-c6e7237 elementor-widget elementor-widget-shortcode\" data-id=\"c6e7237\" data-element_type=\"widget\" data-widget_type=\"shortcode.default\">\n\t\t\t\t<div class=\"elementor-widget-container\">\n\t\t\t\t\t<div class=\"elementor-shortcode\">\n<div class=\"wpcf7 no-js\" id=\"wpcf7-f25985-o1\" lang=\"es-ES\" dir=\"ltr\">\n<div class=\"screen-reader-response\"><p role=\"status\" aria-live=\"polite\" aria-atomic=\"true\"><\/p> <ul><\/ul><\/div>\n<form action=\"\/es\/wp-json\/wp\/v2\/pages\/25972#wpcf7-f25985-o1\" method=\"post\" class=\"wpcf7-form init\" aria-label=\"Formulario de contacto\" novalidate=\"novalidate\" data-status=\"init\">\n<div style=\"display: none;\">\n<input type=\"hidden\" name=\"_wpcf7\" value=\"25985\" \/>\n<input type=\"hidden\" name=\"_wpcf7_version\" value=\"5.8.4\" \/>\n<input type=\"hidden\" name=\"_wpcf7_locale\" value=\"es_ES\" \/>\n<input type=\"hidden\" name=\"_wpcf7_unit_tag\" value=\"wpcf7-f25985-o1\" \/>\n<input type=\"hidden\" name=\"_wpcf7_container_post\" value=\"0\" \/>\n<input type=\"hidden\" name=\"_wpcf7_posted_data_hash\" value=\"\" \/>\n<input type=\"hidden\" name=\"_wpcf7_recaptcha_response\" value=\"\" \/>\n<\/div>\n<link rel=\"stylesheet\" href=\"https:\/\/www.milkscienceconference.com\/es\/wp-content\/plugins\/pdf-forms-for-contact-form-7\/css\/frontend.css\" \/><script type=\"text\/javascript\" src=\"https:\/\/www.milkscienceconference.com\/es\/wp-content\/plugins\/pdf-forms-for-contact-form-7\/js\/frontend.js?ver=2.1.8\"><\/script><p><label> Tu nombre<\/label><br \/>\n<span class=\"wpcf7-form-control-wrap\" data-name=\"colaborate-name\"><input size=\"40\" class=\"wpcf7-form-control wpcf7-text wpcf7-validates-as-required\" aria-required=\"true\" aria-invalid=\"false\" value=\"\" type=\"text\" name=\"colaborate-name\" \/><\/span>\n<\/p>\n<p><label> Tu email<\/label><br \/>\n<span class=\"wpcf7-form-control-wrap\" data-name=\"colaborate-email\"><input size=\"40\" class=\"wpcf7-form-control wpcf7-email wpcf7-validates-as-required wpcf7-text wpcf7-validates-as-email\" aria-required=\"true\" aria-invalid=\"false\" value=\"\" type=\"email\" name=\"colaborate-email\" \/><\/span>\n<\/p>\n<p><label>Sobre mi<\/label><br \/>\n<span class=\"wpcf7-form-control-wrap\" data-name=\"colaborate-message\"><textarea cols=\"40\" rows=\"10\" class=\"wpcf7-form-control wpcf7-textarea wpcf7-validates-as-required\" aria-required=\"true\" aria-invalid=\"false\" name=\"colaborate-message\"><\/textarea><\/span>\n<\/p>\n<p><span class=\"wpcf7-form-control-wrap\" data-name=\"colaborate-aceptation\"><span class=\"wpcf7-form-control wpcf7-acceptance optional\"><span class=\"wpcf7-list-item\"><input type=\"checkbox\" name=\"colaborate-aceptation\" value=\"1\" aria-invalid=\"false\" \/><\/span><\/span><\/span> Acepto <a href=\"https:\/\/www.milkscienceconference.com\/politica-privacidad\/\">Pol\u00edtica privacidad<\/a>\n<\/p>\n<p><input class=\"wpcf7-form-control wpcf7-submit has-spinner\" type=\"submit\" value=\"Colabora\" \/>\n<\/p>\n<p>[argpd_deber_de_informar]\n<\/p><div class=\"wpcf7-response-output\" aria-hidden=\"true\"><\/div>\n<\/form>\n<\/div>\n<\/div>\n\t\t\t\t<\/div>\n\t\t\t\t<\/div>\n\t\t\t\t\t<\/div>\n\t\t<\/div>\n\t\t\t\t\t\t\t<\/div>\n\t\t<\/div>\n\t\t\t\t<section class=\"elementor-section elementor-top-section elementor-element elementor-element-50237b5b elementor-section-boxed elementor-section-height-default elementor-section-height-default\" data-id=\"50237b5b\" data-element_type=\"section\" data-settings=\"{&quot;background_background&quot;:&quot;classic&quot;}\">\n\t\t\t\t\t\t<div class=\"elementor-container elementor-column-gap-default\">\n\t\t\t\t\t<div class=\"elementor-column elementor-col-33 elementor-top-column elementor-element elementor-element-55c163b2\" data-id=\"55c163b2\" data-element_type=\"column\">\n\t\t\t<div class=\"elementor-widget-wrap elementor-element-populated\">\n\t\t\t\t\t\t\t\t<div class=\"elementor-element elementor-element-d56b1c4 elementor-view-stacked elementor-shape-circle elementor-widget elementor-widget-icon\" data-id=\"d56b1c4\" data-element_type=\"widget\" data-widget_type=\"icon.default\">\n\t\t\t\t<div class=\"elementor-widget-container\">\n\t\t\t\t\t<div class=\"elementor-icon-wrapper\">\n\t\t\t<div class=\"elementor-icon\">\n\t\t\t<i aria-hidden=\"true\" class=\"far fa-handshake\"><\/i>\t\t\t<\/div>\n\t\t<\/div>\n\t\t\t\t<\/div>\n\t\t\t\t<\/div>\n\t\t\t\t<div class=\"elementor-element elementor-element-61e92efb elementor-widget elementor-widget-heading\" data-id=\"61e92efb\" data-element_type=\"widget\" data-widget_type=\"heading.default\">\n\t\t\t\t<div class=\"elementor-widget-container\">\n\t\t\t<h2 class=\"elementor-heading-title elementor-size-default\">Patrocina<\/h2>\t\t<\/div>\n\t\t\t\t<\/div>\n\t\t\t\t<div class=\"elementor-element elementor-element-2848b383 elementor-widget elementor-widget-text-editor\" data-id=\"2848b383\" data-element_type=\"widget\" data-widget_type=\"text-editor.default\">\n\t\t\t\t<div class=\"elementor-widget-container\">\n\t\t\t\t\t\t\t<p>Tu apoyo como entidad, nos permitir\u00e1 hacer algo grande. Elige tu tipo de patrocinio y se visible para todos los participantes, entidades y medios internacionales que apoyan este congreso.<\/p>\t\t\t\t\t\t<\/div>\n\t\t\t\t<\/div>\n\t\t\t\t\t<\/div>\n\t\t<\/div>\n\t\t\t\t<div class=\"elementor-column elementor-col-33 elementor-top-column elementor-element elementor-element-3d36dd1\" data-id=\"3d36dd1\" data-element_type=\"column\">\n\t\t\t<div class=\"elementor-widget-wrap elementor-element-populated\">\n\t\t\t\t\t\t\t\t<div class=\"elementor-element elementor-element-b627bc3 elementor-view-stacked elementor-shape-circle elementor-widget elementor-widget-icon\" data-id=\"b627bc3\" data-element_type=\"widget\" data-widget_type=\"icon.default\">\n\t\t\t\t<div class=\"elementor-widget-container\">\n\t\t\t\t\t<div class=\"elementor-icon-wrapper\">\n\t\t\t<div class=\"elementor-icon\">\n\t\t\t<i aria-hidden=\"true\" class=\"far fa-heart\"><\/i>\t\t\t<\/div>\n\t\t<\/div>\n\t\t\t\t<\/div>\n\t\t\t\t<\/div>\n\t\t\t\t<div class=\"elementor-element elementor-element-2cd8d79 elementor-widget elementor-widget-heading\" data-id=\"2cd8d79\" data-element_type=\"widget\" data-widget_type=\"heading.default\">\n\t\t\t\t<div class=\"elementor-widget-container\">\n\t\t\t<h2 class=\"elementor-heading-title elementor-size-default\">Dona<\/h2>\t\t<\/div>\n\t\t\t\t<\/div>\n\t\t\t\t<div class=\"elementor-element elementor-element-daffcd9 elementor-widget elementor-widget-text-editor\" data-id=\"daffcd9\" data-element_type=\"widget\" data-widget_type=\"text-editor.default\">\n\t\t\t\t<div class=\"elementor-widget-container\">\n\t\t\t\t\t\t\t<p>Tu apoyo nos da \u00a1vida!<\/p><p>Colabora y dona para que este Congreso sea la semilla de la creaci\u00f3n de grupos internacionales centrados en la investigaci\u00f3n sobre la leche cruda.<\/p>\t\t\t\t\t\t<\/div>\n\t\t\t\t<\/div>\n\t\t\t\t\t<\/div>\n\t\t<\/div>\n\t\t\t\t<div class=\"elementor-column elementor-col-33 elementor-top-column elementor-element elementor-element-12e03273\" data-id=\"12e03273\" data-element_type=\"column\">\n\t\t\t<div class=\"elementor-widget-wrap elementor-element-populated\">\n\t\t\t\t\t\t\t\t<div class=\"elementor-element elementor-element-52b9e28 elementor-view-stacked elementor-shape-circle elementor-widget elementor-widget-icon\" data-id=\"52b9e28\" data-element_type=\"widget\" data-widget_type=\"icon.default\">\n\t\t\t\t<div class=\"elementor-widget-container\">\n\t\t\t\t\t<div class=\"elementor-icon-wrapper\">\n\t\t\t<div class=\"elementor-icon\">\n\t\t\t<i aria-hidden=\"true\" class=\"far fa-compass\"><\/i>\t\t\t<\/div>\n\t\t<\/div>\n\t\t\t\t<\/div>\n\t\t\t\t<\/div>\n\t\t\t\t<div class=\"elementor-element elementor-element-361fd513 elementor-widget elementor-widget-heading\" data-id=\"361fd513\" data-element_type=\"widget\" data-widget_type=\"heading.default\">\n\t\t\t\t<div class=\"elementor-widget-container\">\n\t\t\t<h2 class=\"elementor-heading-title elementor-size-default\">Comparte<\/h2>\t\t<\/div>\n\t\t\t\t<\/div>\n\t\t\t\t<div class=\"elementor-element elementor-element-3a64d5cd elementor-widget elementor-widget-text-editor\" data-id=\"3a64d5cd\" data-element_type=\"widget\" data-widget_type=\"text-editor.default\">\n\t\t\t\t<div class=\"elementor-widget-container\">\n\t\t\t\t\t\t\t<p>Seas el tipo de persona o medio que seas, estaremos encantados de facilitarte material para que puedas publicar la informaci\u00f3n antes, durante y despu\u00e9s del congreso.<\/p>\t\t\t\t\t\t<\/div>\n\t\t\t\t<\/div>\n\t\t\t\t\t<\/div>\n\t\t<\/div>\n\t\t\t\t\t\t\t<\/div>\n\t\t<\/section>\n\t\t\t\t<section class=\"elementor-section elementor-top-section elementor-element elementor-element-f3b8254 elementor-section-boxed elementor-section-height-default elementor-section-height-default\" data-id=\"f3b8254\" data-element_type=\"section\" data-settings=\"{&quot;background_background&quot;:&quot;classic&quot;}\">\n\t\t\t\t\t\t<div class=\"elementor-container elementor-column-gap-default\">\n\t\t\t\t\t<div class=\"elementor-column elementor-col-33 elementor-top-column elementor-element elementor-element-faca4b9\" data-id=\"faca4b9\" data-element_type=\"column\">\n\t\t\t<div class=\"elementor-widget-wrap elementor-element-populated\">\n\t\t\t\t\t\t\t\t<div class=\"elementor-element elementor-element-63d685e elementor-align-center elementor-widget elementor-widget-button\" data-id=\"63d685e\" data-element_type=\"widget\" data-widget_type=\"button.default\">\n\t\t\t\t<div class=\"elementor-widget-container\">\n\t\t\t\t\t<div class=\"elementor-button-wrapper\">\n\t\t\t<a class=\"elementor-button elementor-button-link elementor-size-sm elementor-animation-grow\" href=\"https:\/\/www.milkscienceconference.com\/es\/patrocinio\/\">\n\t\t\t\t\t\t<span class=\"elementor-button-content-wrapper\">\n\t\t\t\t\t\t<span class=\"elementor-button-text\">ME GUSTAR\u00cdA PATROCINAR<\/span>\n\t\t<\/span>\n\t\t\t\t\t<\/a>\n\t\t<\/div>\n\t\t\t\t<\/div>\n\t\t\t\t<\/div>\n\t\t\t\t\t<\/div>\n\t\t<\/div>\n\t\t\t\t<div class=\"elementor-column elementor-col-33 elementor-top-column elementor-element elementor-element-aa2f5ba\" data-id=\"aa2f5ba\" data-element_type=\"column\">\n\t\t\t<div class=\"elementor-widget-wrap elementor-element-populated\">\n\t\t\t\t\t\t\t\t<div class=\"elementor-element elementor-element-c98b7d1 elementor-align-center elementor-widget elementor-widget-button\" data-id=\"c98b7d1\" data-element_type=\"widget\" data-widget_type=\"button.default\">\n\t\t\t\t<div class=\"elementor-widget-container\">\n\t\t\t\t\t<div class=\"elementor-button-wrapper\">\n\t\t\t<a class=\"elementor-button elementor-button-link elementor-size-sm elementor-animation-grow\" href=\"https:\/\/www.milkscienceconference.com\/es\/dona\/\">\n\t\t\t\t\t\t<span class=\"elementor-button-content-wrapper\">\n\t\t\t\t\t\t<span class=\"elementor-button-text\">QUIERO AYUDAR<\/span>\n\t\t<\/span>\n\t\t\t\t\t<\/a>\n\t\t<\/div>\n\t\t\t\t<\/div>\n\t\t\t\t<\/div>\n\t\t\t\t\t<\/div>\n\t\t<\/div>\n\t\t\t\t<div class=\"elementor-column elementor-col-33 elementor-top-column elementor-element elementor-element-1b41491\" data-id=\"1b41491\" data-element_type=\"column\">\n\t\t\t<div class=\"elementor-widget-wrap elementor-element-populated\">\n\t\t\t\t\t\t\t\t<div class=\"elementor-element elementor-element-1093faf elementor-align-center elementor-widget elementor-widget-button\" data-id=\"1093faf\" data-element_type=\"widget\" data-widget_type=\"button.default\">\n\t\t\t\t<div class=\"elementor-widget-container\">\n\t\t\t\t\t<div class=\"elementor-button-wrapper\">\n\t\t\t<a class=\"elementor-button elementor-button-link elementor-size-sm elementor-animation-grow\" href=\"https:\/\/www.milkscienceconference.com\/es\/difunde\/\">\n\t\t\t\t\t\t<span class=\"elementor-button-content-wrapper\">\n\t\t\t\t\t\t<span class=\"elementor-button-text\">HAZTE ECO<\/span>\n\t\t<\/span>\n\t\t\t\t\t<\/a>\n\t\t<\/div>\n\t\t\t\t<\/div>\n\t\t\t\t<\/div>\n\t\t\t\t\t<\/div>\n\t\t<\/div>\n\t\t\t\t\t\t\t<\/div>\n\t\t<\/section>\n\t\t\t\t\t\t\t<\/div>\n\t\t","protected":false},"excerpt":{"rendered":"<p>Echar una mano a tiempo siempre es de agradecer, y \u00bfqui\u00e9n mejor que t\u00fa? El capital humano es uno de los bienes m\u00e1s preciados que podemos tener en nuestra comunidad &hellip; <\/p>\n<p class=\"link-more\"><a href=\"https:\/\/www.milkscienceconference.com\/es\/colabora\/\" class=\"more-link\">Seguir leyendo<span class=\"screen-reader-text\"> \u00abColabora\u00bb<\/span><\/a><\/p>\n","protected":false},"author":3,"featured_media":0,"parent":0,"menu_order":0,"comment_status":"closed","ping_status":"closed","template":"elementor_header_footer","meta":{"_mi_skip_tracking":false,"_exactmetrics_sitenote_active":false,"_exactmetrics_sitenote_note":"","_exactmetrics_sitenote_category":0,"footnotes":""},"yoast_head":"<!-- This site is optimized with the Yoast SEO plugin v21.6 - https:\/\/yoast.com\/wordpress\/plugins\/seo\/ -->\n<title>Colabora - Jornadas Cient\u00edficas Internacionales sobre Leche Cruda \/ Intenational Scientific Conference on Raw Milk<\/title>\n<meta name=\"robots\" content=\"index, follow, max-snippet:-1, max-image-preview:large, max-video-preview:-1\" \/>\n<link rel=\"canonical\" href=\"https:\/\/www.milkscienceconference.com\/es\/colabora\/\" \/>\n<meta property=\"og:locale\" content=\"es_ES\" \/>\n<meta property=\"og:type\" content=\"article\" \/>\n<meta property=\"og:title\" content=\"Colabora - Jornadas Cient\u00edficas Internacionales sobre Leche Cruda \/ Intenational Scientific Conference on Raw Milk\" \/>\n<meta property=\"og:description\" content=\"Echar una mano a tiempo siempre es de agradecer, y \u00bfqui\u00e9n mejor que t\u00fa? El capital humano es uno de los bienes m\u00e1s preciados que podemos tener en nuestra comunidad &hellip; Seguir leyendo \u00abColabora\u00bb\" \/>\n<meta property=\"og:url\" content=\"https:\/\/www.milkscienceconference.com\/es\/colabora\/\" \/>\n<meta property=\"og:site_name\" content=\"Jornadas Cient\u00edficas Internacionales sobre Leche Cruda \/ Intenational Scientific Conference on Raw Milk\" \/>\n<meta property=\"article:modified_time\" content=\"2019-07-31T10:26:23+00:00\" \/>\n<meta name=\"twitter:card\" content=\"summary_large_image\" \/>\n<meta name=\"twitter:label1\" content=\"Tiempo de lectura\" \/>\n\t<meta name=\"twitter:data1\" content=\"1 minuto\" \/>\n<script type=\"application\/ld+json\" class=\"yoast-schema-graph\">{\"@context\":\"https:\/\/schema.org\",\"@graph\":[{\"@type\":\"WebPage\",\"@id\":\"https:\/\/www.milkscienceconference.com\/es\/colabora\/\",\"url\":\"https:\/\/www.milkscienceconference.com\/es\/colabora\/\",\"name\":\"Colabora - Jornadas Cient\u00edficas Internacionales sobre Leche Cruda \/ Intenational Scientific Conference on Raw Milk\",\"isPartOf\":{\"@id\":\"https:\/\/www.milkscienceconference.com\/es\/#website\"},\"datePublished\":\"2019-07-19T10:54:24+00:00\",\"dateModified\":\"2019-07-31T10:26:23+00:00\",\"breadcrumb\":{\"@id\":\"https:\/\/www.milkscienceconference.com\/es\/colabora\/#breadcrumb\"},\"inLanguage\":\"es\",\"potentialAction\":[{\"@type\":\"ReadAction\",\"target\":[\"https:\/\/www.milkscienceconference.com\/es\/colabora\/\"]}]},{\"@type\":\"BreadcrumbList\",\"@id\":\"https:\/\/www.milkscienceconference.com\/es\/colabora\/#breadcrumb\",\"itemListElement\":[{\"@type\":\"ListItem\",\"position\":1,\"name\":\"Portada\",\"item\":\"https:\/\/www.milkscienceconference.com\/es\/\"},{\"@type\":\"ListItem\",\"position\":2,\"name\":\"Colabora\"}]},{\"@type\":\"WebSite\",\"@id\":\"https:\/\/www.milkscienceconference.com\/es\/#website\",\"url\":\"https:\/\/www.milkscienceconference.com\/es\/\",\"name\":\"Jornadas Cient\u00edficas Internacionales sobre Leche Cruda \/ Intenational Scientific Conference on Raw Milk\",\"description\":\"Semana de la leche cruda en Valencia\",\"publisher\":{\"@id\":\"https:\/\/www.milkscienceconference.com\/es\/#organization\"},\"potentialAction\":[{\"@type\":\"SearchAction\",\"target\":{\"@type\":\"EntryPoint\",\"urlTemplate\":\"https:\/\/www.milkscienceconference.com\/es\/?s={search_term_string}\"},\"query-input\":\"required name=search_term_string\"}],\"inLanguage\":\"es\"},{\"@type\":\"Organization\",\"@id\":\"https:\/\/www.milkscienceconference.com\/es\/#organization\",\"name\":\"Jornadas Cient\u00edficas Internacionales sobre Leche Cruda \/ Intenational Scientific Conference on Raw Milk\",\"url\":\"https:\/\/www.milkscienceconference.com\/es\/\",\"logo\":{\"@type\":\"ImageObject\",\"inLanguage\":\"es\",\"@id\":\"https:\/\/www.milkscienceconference.com\/es\/#\/schema\/logo\/image\/\",\"url\":\"https:\/\/www.milkscienceconference.com\/es\/wp-content\/uploads\/2019\/06\/cropped-AF_congresoleche-ES_color-amarillo-1.png\",\"contentUrl\":\"https:\/\/www.milkscienceconference.com\/es\/wp-content\/uploads\/2019\/06\/cropped-AF_congresoleche-ES_color-amarillo-1.png\",\"width\":320,\"height\":100,\"caption\":\"Jornadas Cient\u00edficas Internacionales sobre Leche Cruda \/ Intenational Scientific Conference on Raw Milk\"},\"image\":{\"@id\":\"https:\/\/www.milkscienceconference.com\/es\/#\/schema\/logo\/image\/\"}}]}<\/script>\n<!-- \/ Yoast SEO plugin. -->","yoast_head_json":{"title":"Colabora - Jornadas Cient\u00edficas Internacionales sobre Leche Cruda \/ Intenational Scientific Conference on Raw Milk","robots":{"index":"index","follow":"follow","max-snippet":"max-snippet:-1","max-image-preview":"max-image-preview:large","max-video-preview":"max-video-preview:-1"},"canonical":"https:\/\/www.milkscienceconference.com\/es\/colabora\/","og_locale":"es_ES","og_type":"article","og_title":"Colabora - Jornadas Cient\u00edficas Internacionales sobre Leche Cruda \/ Intenational Scientific Conference on Raw Milk","og_description":"Echar una mano a tiempo siempre es de agradecer, y \u00bfqui\u00e9n mejor que t\u00fa? El capital humano es uno de los bienes m\u00e1s preciados que podemos tener en nuestra comunidad &hellip; Seguir leyendo \u00abColabora\u00bb","og_url":"https:\/\/www.milkscienceconference.com\/es\/colabora\/","og_site_name":"Jornadas Cient\u00edficas Internacionales sobre Leche Cruda \/ Intenational Scientific Conference on Raw Milk","article_modified_time":"2019-07-31T10:26:23+00:00","twitter_card":"summary_large_image","twitter_misc":{"Tiempo de lectura":"1 minuto"},"schema":{"@context":"https:\/\/schema.org","@graph":[{"@type":"WebPage","@id":"https:\/\/www.milkscienceconference.com\/es\/colabora\/","url":"https:\/\/www.milkscienceconference.com\/es\/colabora\/","name":"Colabora - Jornadas Cient\u00edficas Internacionales sobre Leche Cruda \/ Intenational Scientific Conference on Raw Milk","isPartOf":{"@id":"https:\/\/www.milkscienceconference.com\/es\/#website"},"datePublished":"2019-07-19T10:54:24+00:00","dateModified":"2019-07-31T10:26:23+00:00","breadcrumb":{"@id":"https:\/\/www.milkscienceconference.com\/es\/colabora\/#breadcrumb"},"inLanguage":"es","potentialAction":[{"@type":"ReadAction","target":["https:\/\/www.milkscienceconference.com\/es\/colabora\/"]}]},{"@type":"BreadcrumbList","@id":"https:\/\/www.milkscienceconference.com\/es\/colabora\/#breadcrumb","itemListElement":[{"@type":"ListItem","position":1,"name":"Portada","item":"https:\/\/www.milkscienceconference.com\/es\/"},{"@type":"ListItem","position":2,"name":"Colabora"}]},{"@type":"WebSite","@id":"https:\/\/www.milkscienceconference.com\/es\/#website","url":"https:\/\/www.milkscienceconference.com\/es\/","name":"Jornadas Cient\u00edficas Internacionales sobre Leche Cruda \/ Intenational Scientific Conference on Raw Milk","description":"Semana de la leche cruda en Valencia","publisher":{"@id":"https:\/\/www.milkscienceconference.com\/es\/#organization"},"potentialAction":[{"@type":"SearchAction","target":{"@type":"EntryPoint","urlTemplate":"https:\/\/www.milkscienceconference.com\/es\/?s={search_term_string}"},"query-input":"required name=search_term_string"}],"inLanguage":"es"},{"@type":"Organization","@id":"https:\/\/www.milkscienceconference.com\/es\/#organization","name":"Jornadas Cient\u00edficas Internacionales sobre Leche Cruda \/ Intenational Scientific Conference on Raw Milk","url":"https:\/\/www.milkscienceconference.com\/es\/","logo":{"@type":"ImageObject","inLanguage":"es","@id":"https:\/\/www.milkscienceconference.com\/es\/#\/schema\/logo\/image\/","url":"https:\/\/www.milkscienceconference.com\/es\/wp-content\/uploads\/2019\/06\/cropped-AF_congresoleche-ES_color-amarillo-1.png","contentUrl":"https:\/\/www.milkscienceconference.com\/es\/wp-content\/uploads\/2019\/06\/cropped-AF_congresoleche-ES_color-amarillo-1.png","width":320,"height":100,"caption":"Jornadas Cient\u00edficas Internacionales sobre Leche Cruda \/ Intenational Scientific Conference on Raw Milk"},"image":{"@id":"https:\/\/www.milkscienceconference.com\/es\/#\/schema\/logo\/image\/"}}]}},"_links":{"self":[{"href":"https:\/\/www.milkscienceconference.com\/es\/wp-json\/wp\/v2\/pages\/25972"}],"collection":[{"href":"https:\/\/www.milkscienceconference.com\/es\/wp-json\/wp\/v2\/pages"}],"about":[{"href":"https:\/\/www.milkscienceconference.com\/es\/wp-json\/wp\/v2\/types\/page"}],"author":[{"embeddable":true,"href":"https:\/\/www.milkscienceconference.com\/es\/wp-json\/wp\/v2\/users\/3"}],"replies":[{"embeddable":true,"href":"https:\/\/www.milkscienceconference.com\/es\/wp-json\/wp\/v2\/comments?post=25972"}],"version-history":[{"count":5,"href":"https:\/\/www.milkscienceconference.com\/es\/wp-json\/wp\/v2\/pages\/25972\/revisions"}],"predecessor-version":[{"id":26072,"href":"https:\/\/www.milkscienceconference.com\/es\/wp-json\/wp\/v2\/pages\/25972\/revisions\/26072"}],"wp:attachment":[{"href":"https:\/\/www.milkscienceconference.com\/es\/wp-json\/wp\/v2\/media?parent=25972"}],"curies":[{"name":"wp","href":"https:\/\/api.w.org\/{rel}","templated":true}]}}