{"id":25702,"date":"2019-06-12T11:36:58","date_gmt":"2019-06-12T09:36:58","guid":{"rendered":"https:\/\/www.milkscienceconference.com\/es\/web\/aviso-legal\/"},"modified":"2019-07-18T10:40:03","modified_gmt":"2019-07-18T08:40:03","slug":"aviso-legal","status":"publish","type":"page","link":"https:\/\/www.milkscienceconference.com\/es\/aviso-legal\/","title":{"rendered":"Aviso Legal"},"content":{"rendered":"\t\t<div data-elementor-type=\"wp-post\" data-elementor-id=\"25702\" class=\"elementor elementor-25702\">\n\t\t\t\t\t\t\t\t\t<section class=\"elementor-section elementor-top-section elementor-element elementor-element-b13ea3f elementor-section-boxed elementor-section-height-default elementor-section-height-default\" data-id=\"b13ea3f\" data-element_type=\"section\">\n\t\t\t\t\t\t<div class=\"elementor-container elementor-column-gap-default\">\n\t\t\t\t\t<div class=\"elementor-column elementor-col-100 elementor-top-column elementor-element elementor-element-08f4bef\" data-id=\"08f4bef\" data-element_type=\"column\">\n\t\t\t<div class=\"elementor-widget-wrap elementor-element-populated\">\n\t\t\t\t\t\t\t\t<div class=\"elementor-element elementor-element-2b48795 elementor-widget elementor-widget-text-editor\" data-id=\"2b48795\" data-element_type=\"widget\" data-widget_type=\"text-editor.default\">\n\t\t\t\t<div class=\"elementor-widget-container\">\n\t\t\t\t\t\t\t<p>Gracias por visitar esta p\u00e1gina web. Por favor, lee atentamente los T\u00e9rminos y Condiciones contenidos en este documento, ya que cada vez que se usa esta p\u00e1gina web, se est\u00e1n aceptando los que aqu\u00ed se exponen.<\/p><p><strong>Propiedad de la p\u00e1gina Web y definici\u00f3n de t\u00e9rminos:<\/strong><\/p><p>El presente aviso legal recoge los t\u00e9rminos y condiciones generales que rigen el acceso y el uso del sitio web (https:\/\/www.redqueserias.org\/), del que es titular la compa\u00f1\u00eda mercantil \u201cRED ESPA\u00d1OLA DE QUESER\u00cdAS DE CAMPO Y ARTESANAS\u201d (en adelante QUERED), domiciliada en Calle Navas 4, 06003 Zafra \u2013 C\u00e1ceres, inscrita en el Registro de Asociaciones Grupo 1 \/ Secci\u00f3n 1 y con n\u00famero nacional 602906.<\/p><p>Los t\u00e9rminos \u201cnosotros\u201d, \u201cnuestro\u201d \u201cQueRed\u201d pertenecen a la RED ESPA\u00d1OLA DE QUESER\u00cdAS DE CAMPO Y ARTESANAS y se usan de la forma m\u00e1s apropiada seg\u00fan el contexto. \u201cT\u00fa\u201d se refiere a cualquier persona que accede y\/o utiliza esta p\u00e1gina web.<\/p><p>El uso del sitio web implica la expresa y plena aceptaci\u00f3n de estas condiciones generales en la versi\u00f3n publicada en el momento en que el usuario acceda al mismo, sin perjuicio de las condiciones particulares que pudieran aplicarse a algunos de los servicios concretos del sitio web. En su caso, la utilizaci\u00f3n de tales servicios significar\u00e1 la aceptaci\u00f3n de las condiciones particulares que les sean aplicables.<\/p><p><strong>Integridad de la p\u00e1gina<\/strong><\/p><p>Esta p\u00e1gina Web se ofrece de manera gratuita, \u201ccuando es posible\u201d y \u201ctal cual est\u00e1\u201d. Nos reservamos el derecho de restringir, suspender o cancelar, sin previo aviso y en cualquier momento, el acceso a esta p\u00e1gina Web, a una parte de la misma o a cualquier funcionalidad espec\u00edfica incorporada en la p\u00e1gina. Asimismo, nos reservamos el derecho a retirar libremente cualesquiera contenidos alojados en ella.<\/p><p><strong>Nuestros derechos sobre la p\u00e1gina web<\/strong><\/p><p>Todos los derechos de autor y dem\u00e1s derechos de propiedad intelectual referentes al dise\u00f1o, los textos, dibujos e im\u00e1genes en general de esta p\u00e1gina Web son propiedad de QueRed o han sido incluidos en la misma con la autorizaci\u00f3n de su correspondiente propietario, y se hallan debidamente registrados.<\/p><p>Puedes navegar por esta p\u00e1gina Web, reproducir los textos por medio de impresi\u00f3n y realizar descargas de estos o de los videos a un disco duro o a los efectos de distribuci\u00f3n a otras personas f\u00edsicas. Pero todo esto se puede realizar \u00fanicamente bajo la condici\u00f3n de respetar la legislaci\u00f3n relativa a derechos de autor y mencionando siempre la fuente de procedencia. Est\u00e1 prohibido reproducir en todo o en parte esta p\u00e1gina Web con fines de lucro comercial, as\u00ed como modificar sus contenidos de cualquier modo o incorporar estos a ning\u00fan otro trabajo, publicaci\u00f3n o p\u00e1gina Web, sin la autorizaci\u00f3n previa, expresa y por escrito de QueRed.<\/p><p>No se debe interpretar, en ning\u00fan caso, que alguno de los contenidos de esta p\u00e1gina web pueda significar la concesi\u00f3n de alguna autorizaci\u00f3n o derecho a utilizar alguna de las marcas comerciales incorporadas en la p\u00e1gina. Su uso, fuera de lo previsto en estos T\u00e9rminos y Condiciones, queda estrictamente prohibido. QueRed defender\u00e1 sus derechos de propiedad intelectual con el m\u00e1ximo rigor que permita la ley.<\/p><p><strong>Tus responsabilidades y derechos sobre tus contenidos<\/strong><\/p><p>Cualquier contenido que nos env\u00edes para ser publicado en esta p\u00e1gina Web &#8211; incluyendo im\u00e1genes, textos, preguntas, comentarios, sugerencias o similares &#8211; lo podremos utilizar en los t\u00e9rminos permitidos por la legalidad vigente, por lo que en alg\u00fan caso quiz\u00e1s te pidamos que firmes y nos env\u00edes alg\u00fan tipo de documento de cesi\u00f3n de derechos para poder publicar determinados contenidos.<\/p><p>En cualquier caso, siempre que nos hagas llegar cualquier material garantizas \u2013 por el mero hecho de enviarlo &#8211; que eres el titular leg\u00edtimo de los datos que publiques, o que has obtenido el consentimiento inequ\u00edvoco de las personas cuyos datos difundas, as\u00ed como que dispones de los derechos de propiedad intelectual y de todos los derechos morales sobre las im\u00e1genes que insertes, incluyendo a t\u00edtulo enunciativo, pero no limitativo, los derechos de reproducci\u00f3n, distribuci\u00f3n, transformaci\u00f3n, explotaci\u00f3n, exhibici\u00f3n y comunicaci\u00f3n p\u00fablica. De igual modo, los padres o representantes legales de los menores cuya imagen pueda publicarse, deber\u00e1n ser, asimismo, los titulares o administrar legalmente dichos derechos a la intimidad y de propiedad intelectual, sobre la informaci\u00f3n o las im\u00e1genes de tales menores. Por lo tanto, su uso por parte de QueRed, en el caso de que lo publicara, no violar\u00e1 derechos de terceras personas ni comportar\u00e1 un incumplimiento por nuestra parte de la legislaci\u00f3n aplicable.<\/p><p>No deber\u00e1s incorporar a nuestra p\u00e1gina materiales, ya sean textos, gr\u00e1ficos, fotograf\u00edas, v\u00eddeos, etc. que atenten o sean susceptibles de atentar contra la moral, la \u00e9tica, el buen gusto o el decoro, ni que infrinjan, violen o conculquen los derechos de propiedad intelectual o industrial, o el derecho a la propia imagen de terceras personas, y debemos advertirte de las consecuencias y responsabilidades en las que puedes incurrir si realizas un uso il\u00edcito o fraudulento de las mismas. QueRed actuar\u00e1 de inmediato ante una denuncia o una sospecha de que puedan estar produci\u00e9ndose infracciones de los derechos de propiedad intelectual, vulneraciones al derecho a la propia imagen de personas que aparezcan involuntariamente o sin su autorizaci\u00f3n en esta p\u00e1gina, o ante cualquier contenido que pueda considerarse inadecuado y proceder\u00e1 a eliminarlo inmediatamente. QueRed no tiene ninguna obligaci\u00f3n de publicar o utilizar opiniones o materiales que nos env\u00edes, y puede eliminarlos en cualquier momento sin necesidad de advertirte previamente de ello.<\/p><p>La publicaci\u00f3n, exhibici\u00f3n o visualizaci\u00f3n de fotograf\u00edas, im\u00e1genes y textos no est\u00e1 sujeta a ninguna garant\u00eda de confidencialidad, ni del derecho a la intimidad, en tanto decides, de forma consciente y voluntaria, que sean p\u00fablicos, ya que resultar\u00e1 accesible a cualquier persona que la visite, y has concedido sobre aquellos licencia no exclusiva, transferible y con posibilidad de ser cedida a Nestl\u00e9 y a terceros para que sean utilizados.<\/p><p>En general, est\u00e1 prohibido enviar materiales o realizar cualquier acto sobre la p\u00e1gina (tales como ingenier\u00eda inversa o hacking) que, a juicio de QueRed, se pueda considerar inapropiado o que est\u00e9 prohibido de acuerdo con la legislaci\u00f3n aplicable a esta p\u00e1gina Web. QueRed entregar\u00e1 a las autoridades todos aquellos materiales y\/o evidencias que sospeche que incumplen la legislaci\u00f3n vigente y ayudar\u00e1 activamente a esta en la persecuci\u00f3n del infractor, incluyendo, sin car\u00e1cter limitativo, los siguientes:<\/p><p>Cualquier acto que constituir\u00eda un <strong>incumplimiento de la privacidad<\/strong> (incluyendo transferencias a la p\u00e1gina web de informaci\u00f3n privada sin la autorizaci\u00f3n de la persona afectada) o de cualquier otro de los derechos legales de las personas f\u00edsicas.<br \/><strong>Usar esta p\u00e1gina web para difamar o calumniar a QueRed<\/strong>, sus empleados u otras personas f\u00edsicas, o actuar de tal manera que se desacredite su buen nombre.<br \/><strong>Transferir a la p\u00e1gina web archivos que contengan virus<\/strong> que puedan causar da\u00f1os a la propiedad del QueRed o a la propiedad de personas f\u00edsicas; y<br \/><strong>Colocar o transmitir a esta p\u00e1gina web cualquier material no autorizado<\/strong>, incluyendo, sin car\u00e1cter limitativo, material que probablemente cause, molestias o perjuicios, o bien, violando los sistemas o la seguridad de la QueRed o de terceras personas, material que sea difamatorio, racista, obsceno, amenazador, de contenido pornogr\u00e1fico o que presente cualquier forma de ilegalidad en general.<\/p><p><strong>Protecci\u00f3n de Datos de Car\u00e1cter Personal<\/strong><\/p><p>Cualquier dato personal enviado a las p\u00e1ginas web de La QueRed queda amparado por la pol\u00edtica de Protecci\u00f3n de Datos de Car\u00e1cter Personal, expuesta en el Documento de Pol\u00edtica de Privacidad y Protecci\u00f3n de Datos Personales de QueRed que se encuentra en esta misma p\u00e1gina Web.<\/p><p><strong>Enlaces con otras p\u00e1ginas web<\/strong><\/p><p>Los enlaces existentes en las p\u00e1ginas web de QueRed te pueden llevar fuera de la red. En ese caso, QueRed no aceptar\u00e1 ninguna responsabilidad en relaci\u00f3n con el contenido, exactitud y funcionamiento de las p\u00e1ginas web de terceras personas. Los enlaces se proporcionan de buena fe y QueRed no puede ser responsable por las modificaciones que posteriormente se produzcan en p\u00e1ginas web de terceros para las cuales proporcionamos un enlace. La inclusi\u00f3n de un enlace para conectarse con otras p\u00e1ginas web no implica asunci\u00f3n de responsabilidades en relaci\u00f3n con esas p\u00e1ginas por parte de QueRed. Te recomendamos encarecidamente que est\u00e9s informado y que leas atentamente las notas legales y de privacidad de todas las p\u00e1ginas web que visites.<\/p><p><strong>Limitaci\u00f3n territorial<\/strong><\/p><p>El material y la informaci\u00f3n de QueRed que aparecen en esta p\u00e1gina web han sido concebidos \u00fanicamente para los usuarios de Espa\u00f1a. QueRed no asume ning\u00fan compromiso en lo que se refiere a que el material y la informaci\u00f3n de esta p\u00e1gina Web sean apropiados o se encuentren disponibles en zonas distintas a Espa\u00f1a.<\/p>\t\t\t\t\t\t<\/div>\n\t\t\t\t<\/div>\n\t\t\t\t\t<\/div>\n\t\t<\/div>\n\t\t\t\t\t\t\t<\/div>\n\t\t<\/section>\n\t\t\t\t\t\t\t<\/div>\n\t\t","protected":false},"excerpt":{"rendered":"<p>Gracias por visitar esta p\u00e1gina web. Por favor, lee atentamente los T\u00e9rminos y Condiciones contenidos en este documento, ya que cada vez que se usa esta p\u00e1gina web, se est\u00e1n &hellip; <\/p>\n<p class=\"link-more\"><a href=\"https:\/\/www.milkscienceconference.com\/es\/aviso-legal\/\" class=\"more-link\">Seguir leyendo<span class=\"screen-reader-text\"> \u00abAviso Legal\u00bb<\/span><\/a><\/p>\n","protected":false},"author":1,"featured_media":0,"parent":0,"menu_order":0,"comment_status":"closed","ping_status":"closed","template":"","meta":{"_mi_skip_tracking":false,"_exactmetrics_sitenote_active":false,"_exactmetrics_sitenote_note":"","_exactmetrics_sitenote_category":0,"footnotes":""},"yoast_head":"<!-- This site is optimized with the Yoast SEO plugin v21.6 - https:\/\/yoast.com\/wordpress\/plugins\/seo\/ -->\n<title>Aviso Legal - Jornadas Cient\u00edficas Internacionales sobre Leche Cruda \/ Intenational Scientific Conference on Raw Milk<\/title>\n<meta name=\"robots\" content=\"index, follow, max-snippet:-1, max-image-preview:large, max-video-preview:-1\" \/>\n<link rel=\"canonical\" href=\"https:\/\/www.milkscienceconference.com\/es\/aviso-legal\/\" \/>\n<meta property=\"og:locale\" content=\"es_ES\" \/>\n<meta property=\"og:type\" content=\"article\" \/>\n<meta property=\"og:title\" content=\"Aviso Legal - Jornadas Cient\u00edficas Internacionales sobre Leche Cruda \/ Intenational Scientific Conference on Raw Milk\" \/>\n<meta property=\"og:description\" content=\"Gracias por visitar esta p\u00e1gina web. Por favor, lee atentamente los T\u00e9rminos y Condiciones contenidos en este documento, ya que cada vez que se usa esta p\u00e1gina web, se est\u00e1n &hellip; Seguir leyendo \u00abAviso Legal\u00bb\" \/>\n<meta property=\"og:url\" content=\"https:\/\/www.milkscienceconference.com\/es\/aviso-legal\/\" \/>\n<meta property=\"og:site_name\" content=\"Jornadas Cient\u00edficas Internacionales sobre Leche Cruda \/ Intenational Scientific Conference on Raw Milk\" \/>\n<meta property=\"article:modified_time\" content=\"2019-07-18T08:40:03+00:00\" \/>\n<meta name=\"twitter:card\" content=\"summary_large_image\" \/>\n<meta name=\"twitter:label1\" content=\"Tiempo de lectura\" \/>\n\t<meta name=\"twitter:data1\" content=\"8 minutos\" \/>\n<script type=\"application\/ld+json\" class=\"yoast-schema-graph\">{\"@context\":\"https:\/\/schema.org\",\"@graph\":[{\"@type\":\"WebPage\",\"@id\":\"https:\/\/www.milkscienceconference.com\/es\/aviso-legal\/\",\"url\":\"https:\/\/www.milkscienceconference.com\/es\/aviso-legal\/\",\"name\":\"Aviso Legal - Jornadas Cient\u00edficas Internacionales sobre Leche Cruda \/ Intenational Scientific Conference on Raw Milk\",\"isPartOf\":{\"@id\":\"https:\/\/www.milkscienceconference.com\/es\/#website\"},\"datePublished\":\"2019-06-12T09:36:58+00:00\",\"dateModified\":\"2019-07-18T08:40:03+00:00\",\"breadcrumb\":{\"@id\":\"https:\/\/www.milkscienceconference.com\/es\/aviso-legal\/#breadcrumb\"},\"inLanguage\":\"es\",\"potentialAction\":[{\"@type\":\"ReadAction\",\"target\":[\"https:\/\/www.milkscienceconference.com\/es\/aviso-legal\/\"]}]},{\"@type\":\"BreadcrumbList\",\"@id\":\"https:\/\/www.milkscienceconference.com\/es\/aviso-legal\/#breadcrumb\",\"itemListElement\":[{\"@type\":\"ListItem\",\"position\":1,\"name\":\"Portada\",\"item\":\"https:\/\/www.milkscienceconference.com\/es\/\"},{\"@type\":\"ListItem\",\"position\":2,\"name\":\"Aviso Legal\"}]},{\"@type\":\"WebSite\",\"@id\":\"https:\/\/www.milkscienceconference.com\/es\/#website\",\"url\":\"https:\/\/www.milkscienceconference.com\/es\/\",\"name\":\"Jornadas Cient\u00edficas Internacionales sobre Leche Cruda \/ Intenational Scientific Conference on Raw Milk\",\"description\":\"Semana de la leche cruda en Valencia\",\"publisher\":{\"@id\":\"https:\/\/www.milkscienceconference.com\/es\/#organization\"},\"potentialAction\":[{\"@type\":\"SearchAction\",\"target\":{\"@type\":\"EntryPoint\",\"urlTemplate\":\"https:\/\/www.milkscienceconference.com\/es\/?s={search_term_string}\"},\"query-input\":\"required name=search_term_string\"}],\"inLanguage\":\"es\"},{\"@type\":\"Organization\",\"@id\":\"https:\/\/www.milkscienceconference.com\/es\/#organization\",\"name\":\"Jornadas Cient\u00edficas Internacionales sobre Leche Cruda \/ Intenational Scientific Conference on Raw Milk\",\"url\":\"https:\/\/www.milkscienceconference.com\/es\/\",\"logo\":{\"@type\":\"ImageObject\",\"inLanguage\":\"es\",\"@id\":\"https:\/\/www.milkscienceconference.com\/es\/#\/schema\/logo\/image\/\",\"url\":\"https:\/\/www.milkscienceconference.com\/es\/wp-content\/uploads\/2019\/06\/cropped-AF_congresoleche-ES_color-amarillo-1.png\",\"contentUrl\":\"https:\/\/www.milkscienceconference.com\/es\/wp-content\/uploads\/2019\/06\/cropped-AF_congresoleche-ES_color-amarillo-1.png\",\"width\":320,\"height\":100,\"caption\":\"Jornadas Cient\u00edficas Internacionales sobre Leche Cruda \/ Intenational Scientific Conference on Raw Milk\"},\"image\":{\"@id\":\"https:\/\/www.milkscienceconference.com\/es\/#\/schema\/logo\/image\/\"}}]}<\/script>\n<!-- \/ Yoast SEO plugin. -->","yoast_head_json":{"title":"Aviso Legal - Jornadas Cient\u00edficas Internacionales sobre Leche Cruda \/ Intenational Scientific Conference on Raw Milk","robots":{"index":"index","follow":"follow","max-snippet":"max-snippet:-1","max-image-preview":"max-image-preview:large","max-video-preview":"max-video-preview:-1"},"canonical":"https:\/\/www.milkscienceconference.com\/es\/aviso-legal\/","og_locale":"es_ES","og_type":"article","og_title":"Aviso Legal - Jornadas Cient\u00edficas Internacionales sobre Leche Cruda \/ Intenational Scientific Conference on Raw Milk","og_description":"Gracias por visitar esta p\u00e1gina web. Por favor, lee atentamente los T\u00e9rminos y Condiciones contenidos en este documento, ya que cada vez que se usa esta p\u00e1gina web, se est\u00e1n &hellip; Seguir leyendo \u00abAviso Legal\u00bb","og_url":"https:\/\/www.milkscienceconference.com\/es\/aviso-legal\/","og_site_name":"Jornadas Cient\u00edficas Internacionales sobre Leche Cruda \/ Intenational Scientific Conference on Raw Milk","article_modified_time":"2019-07-18T08:40:03+00:00","twitter_card":"summary_large_image","twitter_misc":{"Tiempo de lectura":"8 minutos"},"schema":{"@context":"https:\/\/schema.org","@graph":[{"@type":"WebPage","@id":"https:\/\/www.milkscienceconference.com\/es\/aviso-legal\/","url":"https:\/\/www.milkscienceconference.com\/es\/aviso-legal\/","name":"Aviso Legal - Jornadas Cient\u00edficas Internacionales sobre Leche Cruda \/ Intenational Scientific Conference on Raw Milk","isPartOf":{"@id":"https:\/\/www.milkscienceconference.com\/es\/#website"},"datePublished":"2019-06-12T09:36:58+00:00","dateModified":"2019-07-18T08:40:03+00:00","breadcrumb":{"@id":"https:\/\/www.milkscienceconference.com\/es\/aviso-legal\/#breadcrumb"},"inLanguage":"es","potentialAction":[{"@type":"ReadAction","target":["https:\/\/www.milkscienceconference.com\/es\/aviso-legal\/"]}]},{"@type":"BreadcrumbList","@id":"https:\/\/www.milkscienceconference.com\/es\/aviso-legal\/#breadcrumb","itemListElement":[{"@type":"ListItem","position":1,"name":"Portada","item":"https:\/\/www.milkscienceconference.com\/es\/"},{"@type":"ListItem","position":2,"name":"Aviso Legal"}]},{"@type":"WebSite","@id":"https:\/\/www.milkscienceconference.com\/es\/#website","url":"https:\/\/www.milkscienceconference.com\/es\/","name":"Jornadas Cient\u00edficas Internacionales sobre Leche Cruda \/ Intenational Scientific Conference on Raw Milk","description":"Semana de la leche cruda en Valencia","publisher":{"@id":"https:\/\/www.milkscienceconference.com\/es\/#organization"},"potentialAction":[{"@type":"SearchAction","target":{"@type":"EntryPoint","urlTemplate":"https:\/\/www.milkscienceconference.com\/es\/?s={search_term_string}"},"query-input":"required name=search_term_string"}],"inLanguage":"es"},{"@type":"Organization","@id":"https:\/\/www.milkscienceconference.com\/es\/#organization","name":"Jornadas Cient\u00edficas Internacionales sobre Leche Cruda \/ Intenational Scientific Conference on Raw Milk","url":"https:\/\/www.milkscienceconference.com\/es\/","logo":{"@type":"ImageObject","inLanguage":"es","@id":"https:\/\/www.milkscienceconference.com\/es\/#\/schema\/logo\/image\/","url":"https:\/\/www.milkscienceconference.com\/es\/wp-content\/uploads\/2019\/06\/cropped-AF_congresoleche-ES_color-amarillo-1.png","contentUrl":"https:\/\/www.milkscienceconference.com\/es\/wp-content\/uploads\/2019\/06\/cropped-AF_congresoleche-ES_color-amarillo-1.png","width":320,"height":100,"caption":"Jornadas Cient\u00edficas Internacionales sobre Leche Cruda \/ Intenational Scientific Conference on Raw Milk"},"image":{"@id":"https:\/\/www.milkscienceconference.com\/es\/#\/schema\/logo\/image\/"}}]}},"_links":{"self":[{"href":"https:\/\/www.milkscienceconference.com\/es\/wp-json\/wp\/v2\/pages\/25702"}],"collection":[{"href":"https:\/\/www.milkscienceconference.com\/es\/wp-json\/wp\/v2\/pages"}],"about":[{"href":"https:\/\/www.milkscienceconference.com\/es\/wp-json\/wp\/v2\/types\/page"}],"author":[{"embeddable":true,"href":"https:\/\/www.milkscienceconference.com\/es\/wp-json\/wp\/v2\/users\/1"}],"replies":[{"embeddable":true,"href":"https:\/\/www.milkscienceconference.com\/es\/wp-json\/wp\/v2\/comments?post=25702"}],"version-history":[{"count":2,"href":"https:\/\/www.milkscienceconference.com\/es\/wp-json\/wp\/v2\/pages\/25702\/revisions"}],"predecessor-version":[{"id":25869,"href":"https:\/\/www.milkscienceconference.com\/es\/wp-json\/wp\/v2\/pages\/25702\/revisions\/25869"}],"wp:attachment":[{"href":"https:\/\/www.milkscienceconference.com\/es\/wp-json\/wp\/v2\/media?parent=25702"}],"curies":[{"name":"wp","href":"https:\/\/api.w.org\/{rel}","templated":true}]}}